{"id":1302,"date":"2019-05-14T21:55:20","date_gmt":"2019-05-15T02:55:20","guid":{"rendered":"https:\/\/tribu.co\/?page_id=1302"},"modified":"2025-05-07T08:24:21","modified_gmt":"2025-05-07T13:24:21","slug":"contact","status":"publish","type":"page","link":"https:\/\/tribu.co\/fr\/contact\/","title":{"rendered":"Contact"},"content":{"rendered":"<section block class=\"b-header-text\" data-watch>\n\t<div class=\"container\">\n\t\t<div class=\"b-header-text-content wysiwyg\" data-break-lines=\"h1, h2, p\">\n\t\t\t<h1>Contactez<br \/>\nNous<\/h1>\n\n\t\t<\/div>\n\t<\/div>\n<\/section>\n\n<section block class=\"b-contact-form\" data-watch>\n\t<div class=\"container-inset\">\n\n\t\t<div class=\"b-contact-form-side\">\n\n\t\t\t\t\t\t\t<div class=\"b-contact-form-info\">\n\t\t\t\t\t<div class=\"b-contact-form-info-key\">Pour rencontrer en personne:<\/div>\n\t\t\t\t\t<div class=\"b-contact-form-info-val\">\n\t\t\t\t\t\t4316, boul. St-Laurent<br \/>\r\n2\u00e8me \u00e9tage<br \/>\r\nMontr\u00e9al, QC <br \/>\r\nH2W 1Z3<br \/>\r\n\n\t\t\t\t\t<\/div>\n\t\t\t\t<\/div>\n\t\t\t\n\t\t\t\t\t\t\t<div class=\"b-contact-form-info b-contact-form-info--phone\">\n\t\t\t\t\t<div class=\"b-contact-form-info-key\">Par t\u00e9l\u00e9phone:<\/div>\n\t\t\t\t\t<div class=\"b-contact-form-info-val\">\n\t\t\t\t\t\t<a href=\"tel:438-387-8439\">438-387-8439<\/a>\n\t\t\t\t\t<\/div>\n\t\t\t\t<\/div>\n\t\t\t\n\t\t\t\n\t\t<\/div>\n\n\t\t<div class=\"b-contact-form-main\">\n\n\t\t\t\n\t\t\t<div class=\"b-contact-form-body\">\n\n\t\t\t\t\n\n\t\t\t\t\t\t\t\t\t<div class=\"b-contact-form-image\">\n\t\t\t\t\t\t<div class=\"image image--with-layer\"><div class=\"layer\" style=\"background-image: url(https:\/\/tribu.co\/wp-content\/uploads\/2023\/03\/Capture-decran-le-2023-03-31-a-11.29.28-720x0-c-default.png)\"><\/div><\/div>\n\t\t\t\t\t<\/div>\n\t\t\t\t\n\t\t\t<\/div>\n\n\t\t<\/div>\n\n\t<\/div>\n<\/section>\n\n<section block class=\"b-text-separator\" data-watch>\n\t<div class=\"container\">\n\t\t<div class=\"b-text-separator-content wysiwyg\" data-break-words=\"h1, h2, p\">\n\t\t\t<p>Montr\u00e9al Canada<\/p>\n\n\t\t<\/div>\n\t<\/div>\n<\/section>\n\n<section block class=\"b-contact-list\" data-watch>\n\t<div class=\"container-inset\">\n\n\t\t<div class=\"b-contact-list-side sticky\"><div class=\"image image--with-layer\"><div class=\"layer\" style=\"background-image: url(https:\/\/tribu.co\/wp-content\/uploads\/2024\/10\/PORTAIL-EQUIPE-GOOD-720x0-c-default.jpg)\"><\/div><\/div><\/div>\n\t\t<div class=\"b-contact-list-main\">\n\n\t\t\t<div class=\"b-contact-list-items\">\n\n\t\t\t\t\n\t\t\t\t\t<div\n\t\t\t\t\t\tclass=\"b-contact-list-item\"\n\t\t\t\t\t\tdata-watch\n\t\t\t\t\t\tdata-watch-enter=\"0.65\"\n\t\t\t\t\t\tdata-watch-class=\"item-on-screen\">\n\n\t\t\t\t\t\t<h3 class=\"b-contact-list-item-name\">Micah Desforges<\/h3>\n\t\t\t\t\t\t<h4 class=\"b-contact-list-item-title\">Pr\u00e9sident &amp; Fondateur<\/h3>\n\n\t\t\t\t\t\t<div class=\"b-contact-list-item-info\">\n\n\t\t\t\t\t\t\t\t\t\t\t\t\t\t\t<div class=\"b-contact-list-item-phone\">\n\t\t\t\t\t\t\t\t\tT. <a href=\"tel:+1 514 831-7241\">+1 514 831-7241<\/a>\n\t\t\t\t\t\t\t\t<\/div>\n\t\t\t\t\t\t\t\n\t\t\t\t\t\t\t\t\t\t\t\t\t\t\t<div class=\"b-contact-list-item-email\">\n\t\t\t\t\t\t\t\t\tC. <a href=\"mailto:micah@tribu.co\">micah@tribu.co<\/a>\n\t\t\t\t\t\t\t\t<\/div>\n\t\t\t\t\t\t\t\n\t\t\t\t\t\t<\/div>\n\n\t\t\t\t\t<\/div>\n\n\t\t\t\t\n\t\t\t<\/div>\n\n\t\t<\/div>\n\n\t<\/div>\n<\/section>","protected":false},"excerpt":{"rendered":"","protected":false},"author":1,"featured_media":0,"parent":0,"menu_order":0,"comment_status":"closed","ping_status":"closed","template":"","meta":{"_acf_changed":false,"content-type":"","footnotes":""},"class_list":["post-1302","page","type-page","status-publish","hentry"],"acf":[],"yoast_head":"<!-- This site is optimized with the Yoast SEO plugin v26.7 - https:\/\/yoast.com\/wordpress\/plugins\/seo\/ -->\n<title>Contact - Tribu Exp\u00e9rientiel - Jasons!<\/title>\n<meta name=\"description\" content=\"Un projet en t\u00eate? Contactez-nous et d\u00e9couvrez ce que nous pourrions faire ensemble.\" \/>\n<meta name=\"robots\" content=\"index, follow, max-snippet:-1, max-image-preview:large, max-video-preview:-1\" \/>\n<link rel=\"canonical\" href=\"https:\/\/tribu.co\/fr\/contact\/\" \/>\n<meta property=\"og:locale\" content=\"fr_CA\" \/>\n<meta property=\"og:type\" content=\"article\" \/>\n<meta property=\"og:title\" content=\"Contact - Tribu Exp\u00e9rientiel - Jasons!\" \/>\n<meta property=\"og:description\" content=\"Un projet en t\u00eate? Contactez-nous et d\u00e9couvrez ce que nous pourrions faire ensemble.\" \/>\n<meta property=\"og:url\" content=\"https:\/\/tribu.co\/fr\/contact\/\" \/>\n<meta property=\"og:site_name\" content=\"Tribu Exp\u00e9rientiel\" \/>\n<meta property=\"article:publisher\" content=\"https:\/\/www.facebook.com\/TribuExperientiel\/\" \/>\n<meta property=\"article:modified_time\" content=\"2025-05-07T13:24:21+00:00\" \/>\n<meta property=\"og:image\" content=\"https:\/\/tribu.co\/wp-content\/uploads\/2020\/03\/Tribu-Header-2.jpg\" \/>\n\t<meta property=\"og:image:width\" content=\"4096\" \/>\n\t<meta property=\"og:image:height\" content=\"2399\" \/>\n\t<meta property=\"og:image:type\" content=\"image\/jpeg\" \/>\n<meta name=\"twitter:card\" content=\"summary_large_image\" \/>\n<meta name=\"twitter:site\" content=\"@tribu_exp\" \/>\n<script type=\"application\/ld+json\" class=\"yoast-schema-graph\">{\"@context\":\"https:\/\/schema.org\",\"@graph\":[{\"@type\":\"WebPage\",\"@id\":\"https:\/\/tribu.co\/fr\/contact\/\",\"url\":\"https:\/\/tribu.co\/fr\/contact\/\",\"name\":\"Contact - Tribu Exp\u00e9rientiel - Jasons!\",\"isPartOf\":{\"@id\":\"https:\/\/tribu.co\/#website\"},\"datePublished\":\"2019-05-15T02:55:20+00:00\",\"dateModified\":\"2025-05-07T13:24:21+00:00\",\"description\":\"Un projet en t\u00eate? Contactez-nous et d\u00e9couvrez ce que nous pourrions faire ensemble.\",\"breadcrumb\":{\"@id\":\"https:\/\/tribu.co\/fr\/contact\/#breadcrumb\"},\"inLanguage\":\"fr-CA\",\"potentialAction\":[{\"@type\":\"ReadAction\",\"target\":[\"https:\/\/tribu.co\/fr\/contact\/\"]}]},{\"@type\":\"BreadcrumbList\",\"@id\":\"https:\/\/tribu.co\/fr\/contact\/#breadcrumb\",\"itemListElement\":[{\"@type\":\"ListItem\",\"position\":1,\"name\":\"Home\",\"item\":\"https:\/\/tribu.co\/fr\/accueil\/\"},{\"@type\":\"ListItem\",\"position\":2,\"name\":\"Contact\"}]},{\"@type\":\"WebSite\",\"@id\":\"https:\/\/tribu.co\/#website\",\"url\":\"https:\/\/tribu.co\/\",\"name\":\"Tribu\",\"description\":\"Integrated experiences\",\"publisher\":{\"@id\":\"https:\/\/tribu.co\/#organization\"},\"potentialAction\":[{\"@type\":\"SearchAction\",\"target\":{\"@type\":\"EntryPoint\",\"urlTemplate\":\"https:\/\/tribu.co\/?s={search_term_string}\"},\"query-input\":{\"@type\":\"PropertyValueSpecification\",\"valueRequired\":true,\"valueName\":\"search_term_string\"}}],\"inLanguage\":\"fr-CA\"},{\"@type\":\"Organization\",\"@id\":\"https:\/\/tribu.co\/#organization\",\"name\":\"Tribu\",\"url\":\"https:\/\/tribu.co\/\",\"logo\":{\"@type\":\"ImageObject\",\"inLanguage\":\"fr-CA\",\"@id\":\"https:\/\/tribu.co\/#\/schema\/logo\/image\/\",\"url\":\"https:\/\/tribu.co\/app\/uploads\/2020\/03\/Tribu-Header.png\",\"contentUrl\":\"https:\/\/tribu.co\/app\/uploads\/2020\/03\/Tribu-Header.png\",\"width\":2500,\"height\":1398,\"caption\":\"Tribu\"},\"image\":{\"@id\":\"https:\/\/tribu.co\/#\/schema\/logo\/image\/\"},\"sameAs\":[\"https:\/\/www.facebook.com\/TribuExperientiel\/\",\"https:\/\/x.com\/tribu_exp\",\"https:\/\/www.instagram.com\/tribuexperientiel\/\",\"https:\/\/www.linkedin.com\/tribuexperientiel\/\"]}]}<\/script>\n<!-- \/ Yoast SEO plugin. -->","yoast_head_json":{"title":"Contact - Tribu Exp\u00e9rientiel - Jasons!","description":"Un projet en t\u00eate? Contactez-nous et d\u00e9couvrez ce que nous pourrions faire ensemble.","robots":{"index":"index","follow":"follow","max-snippet":"max-snippet:-1","max-image-preview":"max-image-preview:large","max-video-preview":"max-video-preview:-1"},"canonical":"https:\/\/tribu.co\/fr\/contact\/","og_locale":"fr_CA","og_type":"article","og_title":"Contact - Tribu Exp\u00e9rientiel - Jasons!","og_description":"Un projet en t\u00eate? Contactez-nous et d\u00e9couvrez ce que nous pourrions faire ensemble.","og_url":"https:\/\/tribu.co\/fr\/contact\/","og_site_name":"Tribu Exp\u00e9rientiel","article_publisher":"https:\/\/www.facebook.com\/TribuExperientiel\/","article_modified_time":"2025-05-07T13:24:21+00:00","og_image":[{"width":4096,"height":2399,"url":"https:\/\/tribu.co\/wp-content\/uploads\/2020\/03\/Tribu-Header-2.jpg","type":"image\/jpeg"}],"twitter_card":"summary_large_image","twitter_site":"@tribu_exp","schema":{"@context":"https:\/\/schema.org","@graph":[{"@type":"WebPage","@id":"https:\/\/tribu.co\/fr\/contact\/","url":"https:\/\/tribu.co\/fr\/contact\/","name":"Contact - Tribu Exp\u00e9rientiel - Jasons!","isPartOf":{"@id":"https:\/\/tribu.co\/#website"},"datePublished":"2019-05-15T02:55:20+00:00","dateModified":"2025-05-07T13:24:21+00:00","description":"Un projet en t\u00eate? Contactez-nous et d\u00e9couvrez ce que nous pourrions faire ensemble.","breadcrumb":{"@id":"https:\/\/tribu.co\/fr\/contact\/#breadcrumb"},"inLanguage":"fr-CA","potentialAction":[{"@type":"ReadAction","target":["https:\/\/tribu.co\/fr\/contact\/"]}]},{"@type":"BreadcrumbList","@id":"https:\/\/tribu.co\/fr\/contact\/#breadcrumb","itemListElement":[{"@type":"ListItem","position":1,"name":"Home","item":"https:\/\/tribu.co\/fr\/accueil\/"},{"@type":"ListItem","position":2,"name":"Contact"}]},{"@type":"WebSite","@id":"https:\/\/tribu.co\/#website","url":"https:\/\/tribu.co\/","name":"Tribu","description":"Integrated experiences","publisher":{"@id":"https:\/\/tribu.co\/#organization"},"potentialAction":[{"@type":"SearchAction","target":{"@type":"EntryPoint","urlTemplate":"https:\/\/tribu.co\/?s={search_term_string}"},"query-input":{"@type":"PropertyValueSpecification","valueRequired":true,"valueName":"search_term_string"}}],"inLanguage":"fr-CA"},{"@type":"Organization","@id":"https:\/\/tribu.co\/#organization","name":"Tribu","url":"https:\/\/tribu.co\/","logo":{"@type":"ImageObject","inLanguage":"fr-CA","@id":"https:\/\/tribu.co\/#\/schema\/logo\/image\/","url":"https:\/\/tribu.co\/app\/uploads\/2020\/03\/Tribu-Header.png","contentUrl":"https:\/\/tribu.co\/app\/uploads\/2020\/03\/Tribu-Header.png","width":2500,"height":1398,"caption":"Tribu"},"image":{"@id":"https:\/\/tribu.co\/#\/schema\/logo\/image\/"},"sameAs":["https:\/\/www.facebook.com\/TribuExperientiel\/","https:\/\/x.com\/tribu_exp","https:\/\/www.instagram.com\/tribuexperientiel\/","https:\/\/www.linkedin.com\/tribuexperientiel\/"]}]}},"_links":{"self":[{"href":"https:\/\/tribu.co\/fr\/wp-json\/wp\/v2\/pages\/1302","targetHints":{"allow":["GET"]}}],"collection":[{"href":"https:\/\/tribu.co\/fr\/wp-json\/wp\/v2\/pages"}],"about":[{"href":"https:\/\/tribu.co\/fr\/wp-json\/wp\/v2\/types\/page"}],"author":[{"embeddable":true,"href":"https:\/\/tribu.co\/fr\/wp-json\/wp\/v2\/users\/1"}],"replies":[{"embeddable":true,"href":"https:\/\/tribu.co\/fr\/wp-json\/wp\/v2\/comments?post=1302"}],"version-history":[{"count":36,"href":"https:\/\/tribu.co\/fr\/wp-json\/wp\/v2\/pages\/1302\/revisions"}],"predecessor-version":[{"id":12743,"href":"https:\/\/tribu.co\/fr\/wp-json\/wp\/v2\/pages\/1302\/revisions\/12743"}],"wp:attachment":[{"href":"https:\/\/tribu.co\/fr\/wp-json\/wp\/v2\/media?parent=1302"}],"curies":[{"name":"wp","href":"https:\/\/api.w.org\/{rel}","templated":true}]}}